{"id":1397,"date":"2022-09-11T16:59:04","date_gmt":"2022-09-11T16:59:04","guid":{"rendered":"http:\/\/ccom.uprrp.edu\/~labemmy\/?page_id=1397"},"modified":"2023-02-05T21:56:22","modified_gmt":"2023-02-05T21:56:22","slug":"students","status":"publish","type":"page","link":"https:\/\/ccom.uprrp.edu\/~labemmy\/?page_id=1397","title":{"rendered":"Students"},"content":{"rendered":"<div id=\"cynthia\" class=\"wp-block-image\">\n<figure class=\"alignleft size-thumbnail\"><img decoding=\"async\" src=\"http:\/\/ccom.uprrp.edu\/~labemmy\/Wordpress\/wp-content\/uploads\/2023\/02\/A66801F5-471C-45F3-986F-459315A5CD08_1_201_a-150x150.jpg\" alt=\"\" class=\"wp-image-530\"\/><\/figure>\n<\/div>\n<p><strong>Cynthia Marie Rivera S\u00e1nchez<\/strong>&nbsp;(<em>Undergrad:<\/em> 2020-2022)<br \/><strong>Whereabouts:<\/strong> Undergraduate Student at UPR-RP<br \/><strong>Email:<\/strong>&nbsp;<a href=\"mailto:cynthia.rivera15@upr.edu\">cynthia.rivera15@upr.edu<\/a> <\/p>\n<p> <em>&#8220;En el lab obtuve mi primera experiencia de investigaci\u00f3n. Gracias a esta aprend\u00ed la dedicaci\u00f3n que se requiere y pude participar de REU&#8217;s en Estados Unidos.&#8221;<\/em><\/p>\n<hr \/>\n<div id=\"carlos\" class=\"wp-block-image\">\n<figure class=\"alignleft size-thumbnail\"><img decoding=\"async\" src=\"http:\/\/ccom.uprrp.edu\/~labemmy\/Wordpress\/wp-content\/uploads\/2022\/08\/1622322431667-150x150.png\" alt=\"\" class=\"wp-image-530\"\/><\/figure>\n<\/div>\n<p><strong>Carlos Hern\u00e1ndez Franco<\/strong>&nbsp;(<em><a href=\"http:\/\/ccom.uprrp.edu\/~labemmy\/?page_id=1608#carlos\">Undergrad<\/a>:<\/em> 2020-2022)<br \/><strong>Whereabouts:<\/strong><br \/><strong>Email:<\/strong>&nbsp;<a href=\"mailto:carlos.hernandez34@upr.edu\">carl.hernan34@upr.edu<\/a> <\/p>\n<p> <em>&#8220;El lab fue el \u00fanico lugar donde pod\u00eda aprender por aprender. Me ayud\u00f3 a desarrollar este car\u00e1cter de no tenerle miedo a aprender sobre temas complicados, por m\u00e1s intimidantes que parezcan.&#8221;<\/em><\/p>\n<hr \/>\n<div id=\"jaziel\" class=\"wp-block-image\">\n<figure class=\"alignleft size-thumbnail\"><img decoding=\"async\" src=\"http:\/\/ccom.uprrp.edu\/~labemmy\/Wordpress\/wp-content\/uploads\/2022\/08\/jaziel-150x150.jpg\" alt=\"\" class=\"wp-image-388\" width=\"135\"\/><\/figure>\n<\/div>\n<p><strong>Jaziel Torres Fuentes<\/strong>&nbsp;(<em><a href=\"http:\/\/ccom.uprrp.edu\/~labemmy\/?page_id=1608#jaziel\">Undergrad<\/a>:<\/em> 2019-2020 | <em><a href=\"http:\/\/ccom.uprrp.edu\/~labemmy\/?page_id=1608#jaziel1\">Grad<\/a>:<\/em> 2020-2022)<br \/><strong>Whereabouts:<\/strong> Graduate Student at the Mathematics Department &#8211; Notre Dame University<br \/><strong>Email:<\/strong>&nbsp;<a href=\"mailto:jazieljachi@gmail.com\">jazieljachi@gmail.com<\/a><\/p>\n<hr \/>\n<div id=\"lillian\" class=\"wp-block-image\">\n<figure class=\"alignleft size-thumbnail is-resized\"><img loading=\"lazy\" decoding=\"async\" src=\"http:\/\/ccom.uprrp.edu\/~labemmy\/Wordpress\/wp-content\/uploads\/2022\/08\/lillian-150x150.jpg\" alt=\"\" class=\"wp-image-572\" width=\"140\" height=\"140\"\/><\/figure>\n<\/div>\n<p><strong>Lillian Gonz\u00e1lez Albino<\/strong>&nbsp;(<em><a href=\"http:\/\/ccom.uprrp.edu\/~labemmy\/?page_id=1608#lillian\">Undergrad<\/a>:<\/em> 2015-2019 | <em><a href=\"http:\/\/ccom.uprrp.edu\/~labemmy\/?page_id=1608#lillian1\">Grad<\/a>:<\/em> 2019-2022)<br \/><strong>Whereabouts:<\/strong>Working along Dr. Ivelisse Rubio and Dr. Ariane Masuda to expand the work done on her thesis<br \/><strong>Email:<\/strong>&nbsp;<a href=\"mailto:lillian.gonzalez.a@gmail.com\">lillian.gonzalez.a@gmail.com<\/a> <\/p>\n<p><em>&#8220;Gracias a haber sido parte del Lab he aprendido mucho sobre mi; ahora me puedo visualizar como matem\u00e1tico, tengo confianza en que puedo aportar al campo y por ello quiero darme a conocer en el mismo.&#8221;<\/em><\/p>\n<hr \/>\n<div id=\"javier\" class=\"wp-block-image\">\n<figure class=\"alignleft size-thumbnail is-resized\"><img loading=\"lazy\" decoding=\"async\" src=\"http:\/\/ccom.uprrp.edu\/~labemmy\/Wordpress\/wp-content\/uploads\/2022\/08\/javier-150x150.jpg\" alt=\"\" class=\"wp-image-572\" width=\"138\" height=\"138\"\/><\/figure>\n<\/div>\n<p><strong>Javier I. Santiago V\u00e9lez<\/strong>&nbsp;(<em><a href=\"http:\/\/ccom.uprrp.edu\/~labemmy\/?page_id=1608#javier\">Undergrad<\/a>:<\/em> 2019-2021)<br \/><strong>Whereabouts:<\/strong>  Graduate Student at the Department of Mathematics &#8211; University of Michigan<br \/><strong>Email:<\/strong>&nbsp;<a href=\"mailto:sjavier@umich.edu\">sjavier@umich.edu<\/a> <\/p>\n<p> <em>&#8220;Fue una experiencia que me abri\u00f3 much\u00edsimas puertas; me dio la oportunidad participar en internados, participar en conferencias a nivel nacional e internacional, publicar art\u00edculos, y m\u00e1s que cualquier otra cosa, fue el ingrediente clave en mi desarrollo como estudiante.&#8221;<\/em> <\/p>\n<hr \/>\n<div id=\"andres\" class=\"wp-block-image\">\n<figure class=\"alignleft size-thumbnail is-resized\"><img loading=\"lazy\" decoding=\"async\" src=\"http:\/\/ccom.uprrp.edu\/~labemmy\/Wordpress\/wp-content\/uploads\/2022\/08\/andres-150x150.jpg\" alt=\"\" class=\"wp-image-572\" width=\"138\" height=\"138\"\/><\/figure>\n<\/div>\n<p><strong>Andr\u00e9s Ramos Rodr\u00edguez<\/strong>&nbsp;(<em><a href=\"http:\/\/ccom.uprrp.edu\/~labemmy\/?page_id=1608#andres\">Undergrad<\/a>:<\/em> 2017-2021)<br \/><strong>Whereabouts: <\/strong> Software Engineer at a startup<br \/><strong>Email<\/strong>:&nbsp;<a href=\"mailto:ramosandres443@gmail.com\">ramosandres443@gmail.cpm<\/a> <\/p>\n<p> <em>&#8220;Los a\u00f1os que trabaj\u00e9 investigando en el lab me ense\u00f1aron destrezas que uso todos los d\u00edas. Aprend\u00ed a ser responsable, a trabajar en equipo y a comunicarme mejor.&#8221;<\/em><\/p>\n<hr \/>\n<div id=\"seda\" class=\"wp-block-image\">\n<figure class=\"alignleft size-thumbnail is-resized\"><img loading=\"lazy\" decoding=\"async\" src=\"http:\/\/ccom.uprrp.edu\/~labemmy\/Wordpress\/wp-content\/uploads\/2022\/08\/seda-150x150.png\" alt=\"\" class=\"wp-image-572\" width=\"138\" height=\"138\"\/><\/figure>\n<\/div>\n<p><strong>Carlos E. Seda Damiani<\/strong>&nbsp;(<em><a href=\"http:\/\/ccom.uprrp.edu\/~labemmy\/?page_id=1608#seda\">Grad<\/a>:<\/em> 2018-2020)<br \/><strong>Whereabouts:<\/strong>High School Math Teacher at Saint John&#8217;s School (Coach for the MathCount Competition) <br \/><strong>Email:<\/strong>&nbsp;<a href=\"mailto:carlos.seda16@gmail.com\">carlos.seda16@gmail.com<\/a><\/p>\n<hr\/>\n<div id=\"dylan\" class=\"wp-block-image\">\n<figure class=\"alignleft size-thumbnail is-resized\"><img loading=\"lazy\" decoding=\"async\" src=\"http:\/\/ccom.uprrp.edu\/~labemmy\/Wordpress\/wp-content\/uploads\/2023\/02\/Avatar-150x150.png\" alt=\"\" class=\"wp-image-572\" width=\"138\" height=\"138\"\/><\/figure>\n<\/div>\n<p><strong>Dylan Cruz Fonseca<\/strong>&nbsp;(<em><a href=\"http:\/\/ccom.uprrp.edu\/~labemmy\/?page_id=1608#dylan\">Undergrad<\/a>:<\/em> 2017-2020)<br \/><strong>Whereabouts:<\/strong><br \/><strong>Email:<\/strong>&nbsp;<a href=\"\"><\/a><\/p>\n<hr \/>\n<hr\/>\n<div id=\"quinones\" class=\"wp-block-image\">\n<figure class=\"alignleft size-thumbnail is-resized\"><img loading=\"lazy\" decoding=\"async\" src=\"http:\/\/ccom.uprrp.edu\/~labemmy\/Wordpress\/wp-content\/uploads\/2023\/02\/Avatar-150x150.png\" alt=\"\" class=\"wp-image-572\" width=\"138\" height=\"138\"\/><\/figure>\n<\/div>\n<p><strong>Luis Qui\u00f1ones<\/strong>&nbsp;(<em><a href=\"http:\/\/ccom.uprrp.edu\/~labemmy\/?page_id=1608#quinones\">Undergrad<\/a>:<\/em> 2019)<br \/><strong>Whereabouts:<\/strong><br \/><strong>Email:<\/strong>&nbsp;<a href=\"\"><\/a><\/p>\n<hr \/>\n<hr\/>\n<div id=\"borges\" class=\"wp-block-image\">\n<figure class=\"alignleft size-thumbnail is-resized\"><img loading=\"lazy\" decoding=\"async\" src=\"http:\/\/ccom.uprrp.edu\/~labemmy\/Wordpress\/wp-content\/uploads\/2023\/02\/Avatar-150x150.png\" alt=\"\" class=\"wp-image-572\" width=\"138\" height=\"138\"\/><\/figure>\n<\/div>\n<p><strong>Karla Borges<\/strong>&nbsp;(<em><a href=\"http:\/\/ccom.uprrp.edu\/~labemmy\/?page_id=1608#borges\">Undergrad<\/a>:<\/em> 2019)<br \/><strong>Whereabouts:<\/strong><br \/><strong>Email:<\/strong>&nbsp;<a href=\"\"><\/a><\/p>\n<hr \/>\n<div id=\"jeffry\" class=\"wp-block-image\">\n<figure class=\"alignleft size-thumbnail is-resized\"><img loading=\"lazy\" decoding=\"async\" src=\"http:\/\/ccom.uprrp.edu\/~labemmy\/Wordpress\/wp-content\/uploads\/2023\/02\/Avatar-150x150.png\" alt=\"\" class=\"wp-image-572\" width=\"138\" height=\"138\"\/><\/figure>\n<\/div>\n<p><strong>Jeffry Matos<\/strong>&nbsp;(<em><a href=\"http:\/\/ccom.uprrp.edu\/~labemmy\/?page_id=1608#jeffry\">Undergrad<\/a>:<\/em> 2015-2016)<br \/><strong>Whereabouts:<\/strong><br \/><strong>Email:<\/strong>&nbsp;<a href=\"\"><\/a><\/p>\n<hr \/>\n<div id=\"pacheco\" class=\"wp-block-image\">\n<figure class=\"alignleft size-thumbnail is-resized\"><img decoding=\"async\" src=\"http:\/\/ccom.uprrp.edu\/~labemmy\/Wordpress\/wp-content\/uploads\/2022\/10\/nataliap-150x150.jpg\" alt=\"\" class=\"wp-image-515\" width=\"138\"\/><\/figure>\n<\/div>\n<p><strong>Natalia Pacheco-Tallaj<\/strong>&nbsp;(<em><a href=\"http:\/\/ccom.uprrp.edu\/~labemmy\/?page_id=1608#pacheco\">Undergrad<\/a>:<\/em> 2015-2016) <br \/><strong>Whereabouts:<\/strong> Doing a Ph.D. in mathematics at MIT.<\/p>\n<p> <em>&#8220;El laboratorio Emmy Noether fue mi primera experiencia en investigaci\u00f3n en matem\u00e1ticas, y gracias a esta experiencia decid\u00ed perseguir las matem\u00e1ticas como carrera.&#8221;<\/em><\/p>\n<hr \/>\n<div id=\"oscar\" class=\"wp-block-image\">\n<figure class=\"alignleft size-thumbnail is-resized\"><img loading=\"lazy\" decoding=\"async\" src=\"http:\/\/ccom.uprrp.edu\/~labemmy\/Wordpress\/wp-content\/uploads\/2023\/02\/Avatar-150x150.png\" alt=\"\" class=\"wp-image-572\" width=\"138\" height=\"138\"\/><\/figure>\n<\/div>\n<p><strong>Oscar E. Gonz\u00e1lez<\/strong>&nbsp;(<em><a href=\"http:\/\/ccom.uprrp.edu\/~labemmy\/?page_id=1608#oscar\">Undergrad<\/a>:<\/em> 2014-2016)<br \/><strong>Whereabouts:<\/strong><br \/><strong>Email:<\/strong>&nbsp;<a href=\"\"><\/a><\/p>\n<hr \/>\n<div id=\"negron\" class=\"wp-block-image\">\n<figure class=\"alignleft size-thumbnail is-resized\"><img decoding=\"async\" src=\"http:\/\/ccom.uprrp.edu\/~labemmy\/Wordpress\/wp-content\/uploads\/2022\/08\/raulnegron-150x150.png\" alt=\"\" class=\"wp-image-515\" width=\"138\"\/><\/figure>\n<\/div>\n<p><strong>Ra\u00fal Negr\u00f3n Otero<\/strong>&nbsp;(<em><a href=\"http:\/\/ccom.uprrp.edu\/~labemmy\/?page_id=1608#negron\">Undergrad<\/a>:<\/em> 2014-2016)<br \/><strong>Whereabouts:<\/strong> Senior Full Stack Engineer at Zapier<br \/><strong>Email:<\/strong>&nbsp;<a href=\"mailto:raul.esteban.negron@gmail.com\">raul.esteban.negron@gmail.com<\/a> <\/p>\n<p> <em>&#8220;Gracias al laboratorio, tuve la oportunidad de trabajar y dialogar con profesores y compa\u00f1eros fuera del ambiente del sal\u00f3n de clases.&#8221;<\/em><\/p>\n<hr \/>\n<div id=\"collazo\" class=\"wp-block-image\">\n<figure class=\"alignleft size-thumbnail is-resized\"><img decoding=\"async\" src=\"http:\/\/ccom.uprrp.edu\/~labemmy\/Wordpress\/wp-content\/uploads\/2022\/08\/collazo-150x150.jpg\" alt=\"\" class=\"wp-image-515\" width=\"138\"\/><\/figure>\n<\/div>\n<p><strong>Ram\u00f3n L. Collazo<\/strong>&nbsp;(<em><a href=\"http:\/\/ccom.uprrp.edu\/~labemmy\/?page_id=1608#collazo\">Undergrad<\/a>:<\/em> 2013-2014)<br \/><strong>Whereabouts:<\/strong> Software engineer for a European company called Unit4<br \/><strong>Email:<\/strong>&nbsp;<a href=\"mailto:rlcmartis@gmail.com\">rlcmartis@gmail.com<\/a> <\/p>\n<p> <em>&#8220;Mi experiencia en el laboratorio Emmy Noether fue una de las m\u00e1s enriquecedora no solo de mi carrera sino tambi\u00e9n de mi vida.&#8221;<\/em><\/p>\n<hr \/>\n<div id=\"delacruz\" class=\"wp-block-image\">\n<figure class=\"alignleft size-thumbnail is-resized\"><img decoding=\"async\" src=\"http:\/\/ccom.uprrp.edu\/~labemmy\/Wordpress\/wp-content\/uploads\/2022\/08\/delacruz-150x150.png\" alt=\"\" class=\"wp-image-515\" width=\"138\"\/><\/figure>\n<\/div>\n<p><strong>Julio De La Cruz<\/strong>&nbsp;(<em><a href=\"http:\/\/ccom.uprrp.edu\/~labemmy\/?page_id=1608#delacruz\">Undergrad<\/a>:<\/em> 2013-2014)<br \/><strong>Whereabouts:<\/strong> Full Stack Developer at NIWC<br \/><strong>Email:<\/strong>&nbsp;<a href=\"mailto:jjcnatera@gmail.com\">jjcnatera@gmail.com<\/a> <\/p>\n<p> <em>&#8220;Fue mi primera experiencia de investigaci\u00f3n subgraduada, mis primeras presentaciones de la misma en los Estados Unidos y Puerto Rico.&#8221;<\/em><\/p>\n<hr \/>\n<div id=\"calderon\" class=\"wp-block-image\">\n<figure class=\"alignleft size-thumbnail is-resized\"><img decoding=\"async\" src=\"http:\/\/ccom.uprrp.edu\/~labemmy\/Wordpress\/wp-content\/uploads\/2022\/10\/dramirez-150x150.jpg\" alt=\"\" class=\"wp-image-515\" width=\"138\"\/><\/figure>\n<\/div>\n<p><strong>Daniel Ramirez Calderon<\/strong>&nbsp;(<em><a href=\"http:\/\/ccom.uprrp.edu\/~labemmy\/?page_id=1608#calderon\">Undergrad<\/a>:<\/em> 2013-2014)<br \/><strong>Whereabouts:<\/strong> Senior Associate Consultant of the Cyber \u200b\u200bDefense team at PwC <br \/><strong>Email:<\/strong>&nbsp;<a href=\"mailto:dercalderon7856@gmail.com\">dercalderon7856@gmail.com<\/a> <\/p>\n<p> <em>&#8220;Pude apreciar la importancia de tener investigadores que no estuvieron involucrados con un trabajo de investigaci\u00f3n, ya que &#8211; junto a dos colegas &#8211; ayud\u00e9 a generalizar los resultados del trabajo de investigaci\u00f3n despu\u00e9s de meses (s\u00ed, meses) absorbiendo los conceptos para atacar el problema desde un \u00e1ngulo que solo un novicio traer\u00eda..&#8221;<\/em><\/p>\n<hr \/>\n<div id=\"christian\" class=\"wp-block-image\">\n<figure class=\"alignleft size-thumbnail is-resized\"><img loading=\"lazy\" decoding=\"async\" src=\"http:\/\/ccom.uprrp.edu\/~labemmy\/Wordpress\/wp-content\/uploads\/2022\/08\/christian-150x150.jpg\" alt=\"\" class=\"wp-image-572\" width=\"138\" height=\"138\"\/><\/figure>\n<\/div>\n<p><strong>Christian A. Rodr\u00edguez Encarnaci\u00f3n<\/strong>&nbsp;(<em><a href=\"http:\/\/ccom.uprrp.edu\/~labemmy\/?page_id=1608#christian\">Undergrad<\/a>:<\/em> 2011-2014)<br \/><strong>Whereabouts:<\/strong> Software Engineer<br \/><strong>Email:<\/strong>&nbsp;<a href=\"mailto:hey@chrisrodz.io\">hey@chrisrodz.io<\/a> <\/p>\n<p> <em>&#8220;Mi experiencia en el lab fue fundamental para aprender las destrezas de trabajo que me han llevado al \u00e9xito profesional que he tenido.&#8221;<\/em><\/p>\n<hr\/>\n<div id=\"alex\" class=\"wp-block-image\">\n<figure class=\"alignleft size-thumbnail is-resized\"><img loading=\"lazy\" decoding=\"async\" src=\"http:\/\/ccom.uprrp.edu\/~labemmy\/Wordpress\/wp-content\/uploads\/2022\/08\/alex-150x150.jpg\" alt=\"\" class=\"wp-image-520\" width=\"136\" height=\"136\"\/><\/figure>\n<\/div>\n<p><strong>Alex D. Santos Sosa<\/strong>&nbsp;(<em><a href=\"http:\/\/ccom.uprrp.edu\/~labemmy\/?page_id=1608#alex\">Undergrad<\/a>:<\/em> 2011-2014)<br \/><strong>Whereabouts:<\/strong>Product Manager at BOLD <br \/><strong>Email:<\/strong>&nbsp;<a href=\"mailto:alex.santos.sosa@gmail.com\">alex.santos.sosa@gmail.com<\/a><\/p>\n<hr \/>\n<div id=\"accetta\" class=\"wp-block-image\">\n<figure class=\"alignleft size-thumbnail is-resized\"><img loading=\"lazy\" decoding=\"async\" src=\"http:\/\/ccom.uprrp.edu\/~labemmy\/Wordpress\/wp-content\/uploads\/2023\/02\/Avatar-150x150.png\" alt=\"\" class=\"wp-image-572\" width=\"138\" height=\"138\"\/><\/figure>\n<\/div>\n<p><strong>Jean-Karlo Accetta<\/strong>&nbsp;(<em><a href=\"http:\/\/ccom.uprrp.edu\/~labemmy\/?page_id=1608#accetta\">Undergrad<\/a>:<\/em> 2010-2011)<br \/><strong>Whereabouts:<\/strong><br \/><strong>Email:<\/strong>&nbsp;<a href=\"\"><\/a><\/p>\n<hr \/>\n<div id=\"zahir\" class=\"wp-block-image\">\n<figure class=\"alignleft size-thumbnail is-resized\"><img loading=\"lazy\" decoding=\"async\" src=\"http:\/\/ccom.uprrp.edu\/~labemmy\/Wordpress\/wp-content\/uploads\/2023\/02\/Avatar-150x150.png\" alt=\"\" class=\"wp-image-572\" width=\"138\" height=\"138\"\/><\/figure>\n<\/div>\n<p><strong>Zahir Mejias<\/strong>&nbsp;(<em><a href=\"http:\/\/ccom.uprrp.edu\/~labemmy\/?page_id=1608#zahir\">Undergrad<\/a>:<\/em> 2010-2011)<br \/><strong>Whereabouts:<\/strong><br \/><strong>Email:<\/strong>&nbsp;<a href=\"\"><\/a><\/p>\n<hr \/>\n<div id=\"jeranfer\" class=\"wp-block-image\">\n<figure class=\"alignleft size-thumbnail is-resized\"><img loading=\"lazy\" decoding=\"async\" src=\"http:\/\/ccom.uprrp.edu\/~labemmy\/Wordpress\/wp-content\/uploads\/2023\/02\/Avatar-150x150.png\" alt=\"\" class=\"wp-image-572\" width=\"138\" height=\"138\"\/><\/figure>\n<\/div>\n<p><strong>Jeranfer Berm\u00fadez<\/strong>&nbsp;(<em><a href=\"http:\/\/ccom.uprrp.edu\/~labemmy\/?page_id=1608#jeranfer\">Undergrad<\/a>:<\/em> 2007-2010)<br \/><strong>Whereabouts:<\/strong><br \/><strong>Email:<\/strong>&nbsp;<a href=\"\"><\/a><\/p>\n<hr \/>\n<div id=\"lourdes\" class=\"wp-block-image\">\n<figure class=\"alignleft size-thumbnail is-resized\"><img loading=\"lazy\" decoding=\"async\" src=\"http:\/\/ccom.uprrp.edu\/~labemmy\/Wordpress\/wp-content\/uploads\/2023\/02\/Avatar-150x150.png\" alt=\"\" class=\"wp-image-572\" width=\"138\" height=\"138\"\/><\/figure>\n<\/div>\n<p><strong>Lourdes Morales<\/strong>&nbsp;(<em><a href=\"http:\/\/ccom.uprrp.edu\/~labemmy\/?page_id=1608#lourdes\">Undergrad<\/a>:<\/em> 2007-2010)<br \/><strong>Whereabouts:<\/strong><br \/><strong>Email:<\/strong>&nbsp;<a href=\"\"><\/a><\/p>\n<hr \/>\n<div id=\"claudio\" class=\"wp-block-image\">\n<figure class=\"alignleft size-thumbnail is-resized\"><img loading=\"lazy\" decoding=\"async\" src=\"http:\/\/ccom.uprrp.edu\/~labemmy\/Wordpress\/wp-content\/uploads\/2023\/02\/Avatar-150x150.png\" alt=\"\" class=\"wp-image-572\" width=\"138\" height=\"138\"\/><\/figure>\n<\/div>\n<p><strong>Armando Claudio Jim\u00e9nez<\/strong>&nbsp;(<em><a href=\"http:\/\/ccom.uprrp.edu\/~labemmy\/?page_id=1608#claudio\">Undergrad<\/a>:<\/em> 2008-2009)<br \/><strong>Whereabouts:<\/strong><br \/><strong>Email:<\/strong>&nbsp;<a href=\"\"><\/a><\/p>\n<hr \/>\n<div id=\"richard\" class=\"wp-block-image\">\n<figure class=\"alignleft size-thumbnail\"><img decoding=\"async\" src=\"http:\/\/ccom.uprrp.edu\/~labemmy\/Wordpress\/wp-content\/uploads\/2022\/08\/richard_s-150x150.jpg\" alt=\"\" class=\"wp-image-571\"\/><\/figure>\n<\/div>\n<p><strong>Richard Garc\u00eda Lebr\u00f3n<\/strong>&nbsp;(<em><a href=\"http:\/\/ccom.uprrp.edu\/~labemmy\/?page_id=1608#richard\">Undergrad<\/a>:<\/em> 2008-2009)<br \/><strong>Whereabouts:<\/strong>Works for the Department of Defense<br \/><strong>Email:<\/strong>&nbsp;<a href=\"mailto: rbgl29@gmail.com\"><\/a><a rel=\"noreferrer noopener\" href=\"mailto:richard.garcialebron@gmail.com\" target=\"_blank\">richard.garcialebron@gmail.com<\/a> <\/p>\n<p> <em>&#8220;Esta oportunidad me ayudo a descubrir mi inter\u00e9s por la integraci\u00f3n de la ciencia de c\u00f3mputos y la teor\u00eda de grafos. Gracias a estas experiencias pude obtener multiples becas y premios a nivel de pos grado.&#8221;<\/em><\/p>\n<hr \/>\n<div id=\"reynaldo\" class=\"wp-block-image\">\n<figure class=\"alignleft size-thumbnail is-resized\"><img loading=\"lazy\" decoding=\"async\" src=\"http:\/\/ccom.uprrp.edu\/~labemmy\/Wordpress\/wp-content\/uploads\/2023\/02\/Avatar-150x150.png\" alt=\"\" class=\"wp-image-572\" width=\"138\" height=\"138\"\/><\/figure>\n<\/div>\n<p><strong>Reynaldo L\u00f3pez<\/strong>&nbsp;(<em><a href=\"http:\/\/ccom.uprrp.edu\/~labemmy\/?page_id=1608#reynaldo\">Undergrad<\/a>:<\/em> 2007-2009)<br \/><strong>Whereabouts:<\/strong><br \/><strong>Email:<\/strong>&nbsp;<a href=\"\"><\/a><\/p>\n<hr \/>\n","protected":false},"excerpt":{"rendered":"<p>Cynthia Marie Rivera S\u00e1nchez&nbsp;(Undergrad: 2020-2022)Whereabouts: Undergraduate Student at UPR-RPEmail:&nbsp;cynthia.rivera15@upr.edu &#8220;En el lab obtuve mi primera experiencia de investigaci\u00f3n. Gracias a esta aprend\u00ed la dedicaci\u00f3n que se requiere y pude participar de REU&#8217;s en Estados Unidos.&#8221; Carlos Hern\u00e1ndez Franco&nbsp;(Undergrad: 2020-2022)Whereabouts:Email:&nbsp;carl.hernan34@upr.edu &#8220;El &hellip; <a href=\"https:\/\/ccom.uprrp.edu\/~labemmy\/?page_id=1397\">Continue reading <span class=\"meta-nav\">&rarr;<\/span><\/a><\/p>\n","protected":false},"author":1,"featured_media":0,"parent":1396,"menu_order":0,"comment_status":"closed","ping_status":"closed","template":"onecolumn-page.php","meta":{"footnotes":""},"class_list":["post-1397","page","type-page","status-publish","hentry"],"_links":{"self":[{"href":"https:\/\/ccom.uprrp.edu\/~labemmy\/index.php?rest_route=\/wp\/v2\/pages\/1397","targetHints":{"allow":["GET"]}}],"collection":[{"href":"https:\/\/ccom.uprrp.edu\/~labemmy\/index.php?rest_route=\/wp\/v2\/pages"}],"about":[{"href":"https:\/\/ccom.uprrp.edu\/~labemmy\/index.php?rest_route=\/wp\/v2\/types\/page"}],"author":[{"embeddable":true,"href":"https:\/\/ccom.uprrp.edu\/~labemmy\/index.php?rest_route=\/wp\/v2\/users\/1"}],"replies":[{"embeddable":true,"href":"https:\/\/ccom.uprrp.edu\/~labemmy\/index.php?rest_route=%2Fwp%2Fv2%2Fcomments&post=1397"}],"version-history":[{"count":93,"href":"https:\/\/ccom.uprrp.edu\/~labemmy\/index.php?rest_route=\/wp\/v2\/pages\/1397\/revisions"}],"predecessor-version":[{"id":1671,"href":"https:\/\/ccom.uprrp.edu\/~labemmy\/index.php?rest_route=\/wp\/v2\/pages\/1397\/revisions\/1671"}],"up":[{"embeddable":true,"href":"https:\/\/ccom.uprrp.edu\/~labemmy\/index.php?rest_route=\/wp\/v2\/pages\/1396"}],"wp:attachment":[{"href":"https:\/\/ccom.uprrp.edu\/~labemmy\/index.php?rest_route=%2Fwp%2Fv2%2Fmedia&parent=1397"}],"curies":[{"name":"wp","href":"https:\/\/api.w.org\/{rel}","templated":true}]}}